{"id":97,"date":"2018-03-16T18:50:17","date_gmt":"2018-03-16T17:50:17","guid":{"rendered":"http:\/\/nucompany.de\/shop\/?post_type=product&#038;p=97"},"modified":"2023-06-12T20:48:01","modified_gmt":"2023-06-12T18:48:01","slug":"postkarten-set-grace","status":"publish","type":"product","link":"https:\/\/nucompany.de\/shop\/produkt\/postkarten-set-grace\/","title":{"rendered":"Postkarten-Set &#8222;Grace&#8220;"},"content":{"rendered":"","protected":false},"excerpt":{"rendered":"<p>Passend zu unserem neuen Album &#8222;Grace&#8220; bieten wir ein Postkarten-Set mit dem Coverfoto-Motiv sowie Bibelzitaten zum Thema &#8222;Grace&#8220; &#8211; Gnade. Eine Karte mit einem Zitat von Quincy Jones rundet das Paket ab. Die R\u00fcckseiten enthalten viel wei\u00dfe Fl\u00e4che, sodass die Karten sowohl als Postkarten als auch als Gru\u00dfkarten verwendet werden k\u00f6nnen.<\/p>\n<p>Kartenformat: DIN A6<br \/>\nPapier: 300g\/m2 matt gestrichen<br \/>\nAnzahl: 5 Karten<\/p>\n","protected":false},"featured_media":109,"comment_status":"closed","ping_status":"closed","template":"","meta":{"jetpack_post_was_ever_published":false,"jetpack_publicize_message":"","jetpack_publicize_feature_enabled":true,"jetpack_social_post_already_shared":true,"jetpack_social_options":{"image_generator_settings":{"template":"highway","default_image_id":0,"font":"","enabled":false},"version":2}},"product_brand":[],"product_cat":[21],"product_tag":[],"class_list":{"0":"post-97","1":"product","2":"type-product","3":"status-publish","4":"has-post-thumbnail","6":"product_cat-merchandising","8":"first","9":"instock","10":"shipping-taxable","11":"purchasable","12":"product-type-simple"},"jetpack_publicize_connections":[],"jetpack_sharing_enabled":true,"_links":{"self":[{"href":"https:\/\/nucompany.de\/shop\/wp-json\/wp\/v2\/product\/97","targetHints":{"allow":["GET"]}}],"collection":[{"href":"https:\/\/nucompany.de\/shop\/wp-json\/wp\/v2\/product"}],"about":[{"href":"https:\/\/nucompany.de\/shop\/wp-json\/wp\/v2\/types\/product"}],"replies":[{"embeddable":true,"href":"https:\/\/nucompany.de\/shop\/wp-json\/wp\/v2\/comments?post=97"}],"wp:featuredmedia":[{"embeddable":true,"href":"https:\/\/nucompany.de\/shop\/wp-json\/wp\/v2\/media\/109"}],"wp:attachment":[{"href":"https:\/\/nucompany.de\/shop\/wp-json\/wp\/v2\/media?parent=97"}],"wp:term":[{"taxonomy":"product_brand","embeddable":true,"href":"https:\/\/nucompany.de\/shop\/wp-json\/wp\/v2\/product_brand?post=97"},{"taxonomy":"product_cat","embeddable":true,"href":"https:\/\/nucompany.de\/shop\/wp-json\/wp\/v2\/product_cat?post=97"},{"taxonomy":"product_tag","embeddable":true,"href":"https:\/\/nucompany.de\/shop\/wp-json\/wp\/v2\/product_tag?post=97"}],"curies":[{"name":"wp","href":"https:\/\/api.w.org\/{rel}","templated":true}]}}