{"id":72,"date":"2018-03-14T22:00:10","date_gmt":"2018-03-14T21:00:10","guid":{"rendered":"http:\/\/nucompany.de\/shop\/?post_type=product&#038;p=72"},"modified":"2023-06-12T20:48:01","modified_gmt":"2023-06-12T18:48:01","slug":"from-the-beginning-cd","status":"publish","type":"product","link":"https:\/\/nucompany.de\/shop\/produkt\/from-the-beginning-cd\/","title":{"rendered":"from the beginning (CD)"},"content":{"rendered":"<p>Hochkar\u00e4tiger Chorsound, Aufsehen erregende Solo-Einlagen, modernste Arrangements und Texte mitten aus dem Leben: Das ist das packende Deb\u00fct des deutsch \/ schweizer Projekts nu company!<\/p>\n<p>R&#8217;n&#8217;G &#8211; Rhythm&#8217;n&#8217;Gospel &#8211; das ist die prickelnde Kombination von Gospelmusik mit Einfl\u00fcssen aus dem R&#8217;n&#8217;B. Dabei schwimmt nu company nicht einfach auf einer Welle schwarzer Musik mit: Sie verk\u00f6rpern eine eigene europ\u00e4ische Interpretation von Gospelmusik &#8211; in Verbindung mit Elementen aus Hip-Hop, Funk und Soul.<\/p>\n<p>Die CD &#8222;from the beginning&#8220; ist im M\u00e4rz 2004 bei Gerth Medien erschienen.<\/p>\n","protected":false},"excerpt":{"rendered":"<p>Das Deb\u00fct-Album von nu company aus dem Jahr 2004.<\/p>\n","protected":false},"featured_media":98,"comment_status":"closed","ping_status":"closed","template":"","meta":{"jetpack_post_was_ever_published":false,"jetpack_publicize_message":"","jetpack_publicize_feature_enabled":true,"jetpack_social_post_already_shared":true,"jetpack_social_options":{"image_generator_settings":{"template":"highway","default_image_id":0,"font":"","enabled":false},"version":2}},"product_brand":[],"product_cat":[16],"product_tag":[],"class_list":{"0":"post-72","1":"product","2":"type-product","3":"status-publish","4":"has-post-thumbnail","6":"product_cat-cd","8":"first","9":"outofstock","10":"shipping-taxable","11":"purchasable","12":"product-type-simple"},"jetpack_publicize_connections":[],"jetpack_sharing_enabled":true,"_links":{"self":[{"href":"https:\/\/nucompany.de\/shop\/wp-json\/wp\/v2\/product\/72","targetHints":{"allow":["GET"]}}],"collection":[{"href":"https:\/\/nucompany.de\/shop\/wp-json\/wp\/v2\/product"}],"about":[{"href":"https:\/\/nucompany.de\/shop\/wp-json\/wp\/v2\/types\/product"}],"replies":[{"embeddable":true,"href":"https:\/\/nucompany.de\/shop\/wp-json\/wp\/v2\/comments?post=72"}],"wp:featuredmedia":[{"embeddable":true,"href":"https:\/\/nucompany.de\/shop\/wp-json\/wp\/v2\/media\/98"}],"wp:attachment":[{"href":"https:\/\/nucompany.de\/shop\/wp-json\/wp\/v2\/media?parent=72"}],"wp:term":[{"taxonomy":"product_brand","embeddable":true,"href":"https:\/\/nucompany.de\/shop\/wp-json\/wp\/v2\/product_brand?post=72"},{"taxonomy":"product_cat","embeddable":true,"href":"https:\/\/nucompany.de\/shop\/wp-json\/wp\/v2\/product_cat?post=72"},{"taxonomy":"product_tag","embeddable":true,"href":"https:\/\/nucompany.de\/shop\/wp-json\/wp\/v2\/product_tag?post=72"}],"curies":[{"name":"wp","href":"https:\/\/api.w.org\/{rel}","templated":true}]}}