{"id":10,"date":"2018-03-14T22:15:29","date_gmt":"2018-03-14T21:15:29","guid":{"rendered":"http:\/\/nucompany.de\/shop\/?post_type=product&#038;p=10"},"modified":"2023-06-12T20:48:01","modified_gmt":"2023-06-12T18:48:01","slug":"thy-kingdom-come-cd","status":"publish","type":"product","link":"https:\/\/nucompany.de\/shop\/produkt\/thy-kingdom-come-cd\/","title":{"rendered":"thy kingdom come (CD)"},"content":{"rendered":"<p>Auch auf ihrem zweiten Album zelebriert &#8222;nu company&#8220; ihre einzigartige Kombination aus dynamischem Gesang und fetten Grooves. 24 hervorragende Stimmen und eine 5-k\u00f6pfige Band begeistern mit einem regelrechten &#8222;rhythm&#8217;n&#8217;gospel&#8220;-Feuerwerk. Ihre Songs sind mitrei\u00dfend, bewegend und herausfordernd!<\/p>\n<p>&#8222;nu company&#8220; hat musikalisch wie inhaltlich viel zu sagen. Den Stoff f\u00fcr die 13 Songs lieferten konkrete Erfahrungen: gemeinsam durchwanderte T\u00e4ler und die dadurch gewonnene Einsicht, dass Gottes Reich dort w\u00e4chst und sp\u00fcrbar wird, wo Menschen sich gegenseitig tragen und zu einem Leben mit Christus ermutigen. &#8222;thy kingdom come&#8220; nimmt uns mit in dieses wachsende Reich Gottes und l\u00e4dt uns ein, es mitzufeiern!<\/p>\n<p>Als Bonus gibt es einen Datenteil mit Fotos und einem Video zum Song &#8222;Lay your burden down&#8220;. Das Video ist mit dem &#8222;Apple Quicktime Player&#8220; abspielbar.<\/p>\n<p>Die CD &#8222;thy kingdom come&#8220; ist im Juni 2007 bei Gerth Medien erschienen.<\/p>\n","protected":false},"excerpt":{"rendered":"<p>24 hervorragende Stimmen und eine 5-k\u00f6pfige Band begeistern mit einem regelrechten &#8222;rhythm&#8217;n&#8217;gospel&#8220;-Feuerwerk.<\/p>\n","protected":false},"featured_media":99,"comment_status":"closed","ping_status":"closed","template":"","meta":{"jetpack_post_was_ever_published":false,"jetpack_publicize_message":"","jetpack_publicize_feature_enabled":true,"jetpack_social_post_already_shared":true,"jetpack_social_options":{"image_generator_settings":{"template":"highway","default_image_id":0,"font":"","enabled":false},"version":2}},"product_brand":[],"product_cat":[16],"product_tag":[],"class_list":{"0":"post-10","1":"product","2":"type-product","3":"status-publish","4":"has-post-thumbnail","6":"product_cat-cd","8":"first","9":"instock","10":"shipping-taxable","11":"purchasable","12":"product-type-simple"},"jetpack_publicize_connections":[],"jetpack_sharing_enabled":true,"_links":{"self":[{"href":"https:\/\/nucompany.de\/shop\/wp-json\/wp\/v2\/product\/10","targetHints":{"allow":["GET"]}}],"collection":[{"href":"https:\/\/nucompany.de\/shop\/wp-json\/wp\/v2\/product"}],"about":[{"href":"https:\/\/nucompany.de\/shop\/wp-json\/wp\/v2\/types\/product"}],"replies":[{"embeddable":true,"href":"https:\/\/nucompany.de\/shop\/wp-json\/wp\/v2\/comments?post=10"}],"wp:featuredmedia":[{"embeddable":true,"href":"https:\/\/nucompany.de\/shop\/wp-json\/wp\/v2\/media\/99"}],"wp:attachment":[{"href":"https:\/\/nucompany.de\/shop\/wp-json\/wp\/v2\/media?parent=10"}],"wp:term":[{"taxonomy":"product_brand","embeddable":true,"href":"https:\/\/nucompany.de\/shop\/wp-json\/wp\/v2\/product_brand?post=10"},{"taxonomy":"product_cat","embeddable":true,"href":"https:\/\/nucompany.de\/shop\/wp-json\/wp\/v2\/product_cat?post=10"},{"taxonomy":"product_tag","embeddable":true,"href":"https:\/\/nucompany.de\/shop\/wp-json\/wp\/v2\/product_tag?post=10"}],"curies":[{"name":"wp","href":"https:\/\/api.w.org\/{rel}","templated":true}]}}