{"id":151,"date":"2018-03-17T02:15:26","date_gmt":"2018-03-17T01:15:26","guid":{"rendered":"http:\/\/nucompany.de\/shop\/?page_id=151"},"modified":"2018-03-17T14:04:20","modified_gmt":"2018-03-17T13:04:20","slug":"impressum","status":"publish","type":"page","link":"https:\/\/nucompany.de\/shop\/impressum\/","title":{"rendered":"Impressum"},"content":{"rendered":"<p>nu company ist ein Arbeitsbereich der Heilandskirche Stuttgart, Sickstra\u00dfe 41, 70190 Stuttgart.<\/p>\n<div class=\"dslc-accordion-content\">\n<p>Redaktionsanschrift:<br \/>\nnu company<br \/>\nA. Huber<br \/>\nGartenstrasse 22<br \/>\n71729 Erdmannhausen<br \/>\nTel. +49 (0) 7144-849185<br \/>\nmanagement@nucompany.de<\/p>\n<p>Haftung: Die Inhalte externer Links werden von uns nicht gepr\u00fcft. Sie unterliegen der Haftung der jeweiligen Anbieter.<\/p>\n<p>Datenschutzhinweise: Alle auf dieser Website genannten Personen widersprechen hiermit jeder kommerziellen Verwendung und Weitergabe ihrer Daten (vgl. \u00a7 28 BDSG).<\/p>\n<p>Urheberrechtshinweis: Alle auf dieser Website ver\u00f6ffentlichten Beitr\u00e4ge und Abbildungen sind urheberrechtlich gesch\u00fctzt. Jede vom Urheberrechtsgesetz nicht zugelassene Verwertung bedarf vorheriger schriftlicher Genehmigung der Anbieter. Dies gilt insbesondere f\u00fcr Vervielf\u00e4ltigung, Bearbeitung, \u00dcbersetzung, Einspeicherung, Verarbeitung bzw. Wiedergabe von Inhalten in Datenbanken oder anderen elektronischen Medien und Systemen. Fotokopien und Downloads von Web-Seiten d\u00fcrfen nur f\u00fcr den pers\u00f6nlichen, privaten und nicht kommerziellen Gebrauch hergestellt werden. Angaben im Beitrag ohne Gew\u00e4hr. Alle Rechte vorbehalten.<\/p>\n<\/div>\n<p>Kein Ausweis von Umsatzsteuer gem\u00e4\u00df \u00a7 4 Nr. 18 UStG.<\/p>\n","protected":false},"excerpt":{"rendered":"<p>nu company ist ein Arbeitsbereich der Heilandskirche Stuttgart, Sickstra\u00dfe 41, 70190 Stuttgart. Redaktionsanschrift: nu company A. Huber Gartenstrasse 22 71729 Erdmannhausen Tel. +49 (0) 7144-849185 management@nucompany.de Haftung: Die Inhalte externer Links werden von uns nicht gepr\u00fcft. Sie unterliegen der Haftung der jeweiligen Anbieter. Datenschutzhinweise: Alle auf dieser Website genannten Personen widersprechen hiermit jeder kommerziellen Verwendung [&hellip;]<\/p>\n","protected":false},"author":1,"featured_media":0,"parent":0,"menu_order":0,"comment_status":"closed","ping_status":"closed","template":"","meta":{"jetpack_post_was_ever_published":false,"footnotes":""},"class_list":["post-151","page","type-page","status-publish","hentry"],"jetpack_sharing_enabled":false,"jetpack_shortlink":"https:\/\/wp.me\/P9IWia-2r","_links":{"self":[{"href":"https:\/\/nucompany.de\/shop\/wp-json\/wp\/v2\/pages\/151","targetHints":{"allow":["GET"]}}],"collection":[{"href":"https:\/\/nucompany.de\/shop\/wp-json\/wp\/v2\/pages"}],"about":[{"href":"https:\/\/nucompany.de\/shop\/wp-json\/wp\/v2\/types\/page"}],"author":[{"embeddable":true,"href":"https:\/\/nucompany.de\/shop\/wp-json\/wp\/v2\/users\/1"}],"replies":[{"embeddable":true,"href":"https:\/\/nucompany.de\/shop\/wp-json\/wp\/v2\/comments?post=151"}],"version-history":[{"count":5,"href":"https:\/\/nucompany.de\/shop\/wp-json\/wp\/v2\/pages\/151\/revisions"}],"predecessor-version":[{"id":178,"href":"https:\/\/nucompany.de\/shop\/wp-json\/wp\/v2\/pages\/151\/revisions\/178"}],"wp:attachment":[{"href":"https:\/\/nucompany.de\/shop\/wp-json\/wp\/v2\/media?parent=151"}],"curies":[{"name":"wp","href":"https:\/\/api.w.org\/{rel}","templated":true}]}}